{"id":26,"date":"2018-11-02T08:57:46","date_gmt":"2018-11-02T08:57:46","guid":{"rendered":"https:\/\/www.dasax.de\/?page_id=26"},"modified":"2023-08-11T07:23:26","modified_gmt":"2023-08-11T07:23:26","slug":"unternehmen","status":"publish","type":"page","link":"https:\/\/www.dasax.de\/?page_id=26","title":{"rendered":"Unternehmen"},"content":{"rendered":"\n<div class=\"wp-block-image\"><figure class=\"aligncenter size-full\"><img loading=\"lazy\" width=\"2560\" height=\"948\" src=\"https:\/\/www.dasax.de\/wp-content\/uploads\/2023\/01\/dasax_banner_klein-scaled.jpg\" alt=\"\" class=\"wp-image-123\" srcset=\"https:\/\/www.dasax.de\/wp-content\/uploads\/2023\/01\/dasax_banner_klein-scaled.jpg 2560w, https:\/\/www.dasax.de\/wp-content\/uploads\/2023\/01\/dasax_banner_klein-300x111.jpg 300w, https:\/\/www.dasax.de\/wp-content\/uploads\/2023\/01\/dasax_banner_klein-1024x379.jpg 1024w, https:\/\/www.dasax.de\/wp-content\/uploads\/2023\/01\/dasax_banner_klein-768x285.jpg 768w, https:\/\/www.dasax.de\/wp-content\/uploads\/2023\/01\/dasax_banner_klein-1536x569.jpg 1536w, https:\/\/www.dasax.de\/wp-content\/uploads\/2023\/01\/dasax_banner_klein-2048x759.jpg 2048w\" sizes=\"(max-width: 2560px) 100vw, 2560px\" \/><\/figure><\/div>\n\n\n<p style=\"margin: 0in; font-family: Calibri; font-size: 14.0pt;\">Die dasax GmbH steht Ihnen seit 2018 mit allen Belangen des Datenschutzes und der Verfahrensdokumentation mit Beratung und Betreuung zur Seite.<\/p>\n<p style=\"margin: 0in; font-family: Calibri; font-size: 14.0pt;\">\u00a0<\/p>\n<p style=\"margin: 0in; font-family: Calibri; font-size: 14.0pt;\">Das Team der dasax GmbH besteht aus Angestellten und freien Mitarbeitern. Alle sind durch den T\u00dcV oder die IHK gepr\u00fcft und haben eine Ausbildung im Bereich des Datenschutzes abgelegt.<\/p>\n<p style=\"margin: 0in; font-family: Calibri; font-size: 14.0pt;\">Die Mitarbeiter kommen aus den Bereichen Recht, Steuern oder IT und haben in diesen Gebieten bereits viele Jahre Erfahrung. Durch kontinuierliche Weiterbildungen bleiben wir immer auf dem aktuellen Stand der Vorschriften und Richtlinien.<\/p>\n<p>\u00a0<\/p>\n<p style=\"margin: 0in; font-family: Calibri; font-size: 14.0pt;\">\u00a0<\/p>\n<p style=\"margin: 0in; font-family: Calibri; font-size: 14.0pt;\"><span style=\"color: #f68300;\"><strong>Die Zusammenarbeit mit unserem Team hat folgende Vorteile f\u00fcr Sie:<\/strong><\/span><\/p>\n<p style=\"margin: 0in; font-family: Calibri; font-size: 14.0pt;\">\u2714 immer aktuelle Informationen zu den Gesetzen<\/p>\n<p style=\"margin: 0in; font-family: Calibri; font-size: 14.0pt;\">\u2714 Zugriff auf ein Team von Ansprechpartnern<\/p>\n<p style=\"margin: 0in; font-family: Calibri; font-size: 14.0pt;\">\u2714 kalkulierbare und transparente Kosten<\/p>\n<p style=\"margin: 0in; font-family: Calibri; font-size: 14.0pt;\">\u2714 objektive Beratung durch externes Personal<\/p>\n<p style=\"margin: 0in; font-family: Calibri; font-size: 14.0pt;\">\u2714 Erfahrungen der Ansprechpartner in ihren jeweiligen Spezialgebieten<\/p>\n<p style=\"margin: 0in; font-family: Calibri; font-size: 14.0pt;\">\u00a0<\/p>\n<p style=\"margin: 0in; font-family: Calibri; font-size: 14.0pt;\">Gern beraten wir Sie in einem pers\u00f6nlichen Gespr\u00e4ch \u00fcber den Bedarf und die M\u00f6glichkeiten unserer Leistungen. In unserem Leistungsangebot sind Datenschutzschulungen enthalten. Folgen Sie dem Link und nehmen Sie an der n\u00e4chsten Schulung teil!\u00a0<\/p>\n<p>\u00a0<\/p>\n\n\n<div class=\"wp-block-buttons aligncenter\">\n<div class=\"wp-block-button\"><a class=\"wp-block-button__link\" href=\"https:\/\/www.prem-tec.de\/events\/categories\/datenschutz\/\"> Zu den Schulungen<\/a><\/div>\n<\/div>\n\n\n\n<hr class=\"wp-block-separator\"\/>\n\n\n\n<p><\/p>\n\n\n\n<div style=\"background: #f2f2f2; display: flex; flex-direction: column; align-items: center; padding: 20px; font-size: 1.4rem; padding-top: 40px;\">\n            Kontaktieren Sie uns jetzt f\u00fcr eine Beratung!\n<br>\n <html>\n  <head>\n    <title>Der Titel des Dokuments<\/title>\n    <style>\n      .button {\n    color: #fff;\n    background-color: #32373c;\n    border: none;\n    border-radius: 28px;\n    box-shadow: none;\n    cursor: pointer;\n    display: inline-block;\n    font-size: 18px;\n    padding: 12px 24px;\n    text-align: center;\n    text-decoration: none;\n    overflow-wrap: break-word;margin-top: 30px;\n    font-family: open sans;\n      }\n    <\/style>\n  <\/head>\n  <body>\n    <a href=\"https:\/\/outlook.office365.com\/owa\/calendar\/TerminmitMadlen@prem-tec.de\/bookings\/\" class=\"button\">Beratung online buchen<\/a>\n  <\/body>\n<\/html>\n          <div style=\"display: flex; justify-content: space-between; margin: 50px 30px 30px 30px;\">\n            <div style=\"padding-right: 120px;line-height: 0.9; border-right: 3px solid #f68300;\">\n                <p>dasax GmbH<\/p>\n                <p>Zwickauer Stra\u00dfe 16b<\/p>\n                <p>09112 Chemnitz<\/p>\n                <p>0371-8365 22 45<\/p>\n                <p>info@dasax.de<\/p>\n            <\/div>\n              <div style=\"display: flex; flex-direction: column; align-items: center; margin-left: 120px;\">\n                  <img src=\"https:\/\/www.dasax.de\/wp-content\/uploads\/2023\/01\/Madlen_Vogt-scaled.jpg\" style=\"width:300px; height: auto;\">\n                  <p>Madlen Vogt<\/p>\n              <\/div>\n          <\/div>\n        <\/div>\n","protected":false},"excerpt":{"rendered":"<p>Die dasax GmbH steht Ihnen seit 2018 mit allen Belangen des Datenschutzes und der Verfahrensdokumentation mit Beratung und Betreuung zur Seite. \u00a0 Das Team der dasax GmbH besteht aus Angestellten und freien Mitarbeitern. Alle sind durch den T\u00dcV oder die IHK gepr\u00fcft und haben eine Ausbildung im Bereich des Datenschutzes abgelegt. Die Mitarbeiter kommen aus den Bereichen Recht, Steuern oder IT und haben in diesen Gebieten bereits viele Jahre Erfahrung. Durch kontinuierliche Weiterbildungen bleiben wir immer auf dem aktuellen Stand der Vorschriften und Richtlinien. \u00a0 \u00a0 Die Zusammenarbeit mit unserem Team hat folgende Vorteile f\u00fcr Sie: \u2714 immer aktuelle Informationen zu den Gesetzen \u2714 Zugriff auf ein Team von Ansprechpartnern \u2714 kalkulierbare und transparente Kosten \u2714 objektive Beratung durch externes Personal \u2714 Erfahrungen der Ansprechpartner in ihren jeweiligen Spezialgebieten \u00a0 Gern beraten wir Sie in einem pers\u00f6nlichen Gespr\u00e4ch \u00fcber den Bedarf und die M\u00f6glichkeiten unserer Leistungen. In unserem Leistungsangebot sind Datenschutzschulungen enthalten. Folgen Sie dem Link und nehmen Sie an der n\u00e4chsten Schulung teil!\u00a0 \u00a0 Kontaktieren Sie uns jetzt f\u00fcr eine Beratung! Der Titel des Dokuments Beratung online buchen dasax GmbH Zwickauer Stra\u00dfe 16b 09112 Chemnitz 0371-8365 22 45 info@dasax.de Madlen Vogt<\/p>\n","protected":false},"author":1,"featured_media":0,"parent":0,"menu_order":0,"comment_status":"closed","ping_status":"closed","template":"","meta":[],"_links":{"self":[{"href":"https:\/\/www.dasax.de\/index.php?rest_route=\/wp\/v2\/pages\/26"}],"collection":[{"href":"https:\/\/www.dasax.de\/index.php?rest_route=\/wp\/v2\/pages"}],"about":[{"href":"https:\/\/www.dasax.de\/index.php?rest_route=\/wp\/v2\/types\/page"}],"author":[{"embeddable":true,"href":"https:\/\/www.dasax.de\/index.php?rest_route=\/wp\/v2\/users\/1"}],"replies":[{"embeddable":true,"href":"https:\/\/www.dasax.de\/index.php?rest_route=%2Fwp%2Fv2%2Fcomments&post=26"}],"version-history":[{"count":30,"href":"https:\/\/www.dasax.de\/index.php?rest_route=\/wp\/v2\/pages\/26\/revisions"}],"predecessor-version":[{"id":284,"href":"https:\/\/www.dasax.de\/index.php?rest_route=\/wp\/v2\/pages\/26\/revisions\/284"}],"wp:attachment":[{"href":"https:\/\/www.dasax.de\/index.php?rest_route=%2Fwp%2Fv2%2Fmedia&parent=26"}],"curies":[{"name":"wp","href":"https:\/\/api.w.org\/{rel}","templated":true}]}}